{"id":3,"date":"2024-06-10T08:31:30","date_gmt":"2024-06-10T08:31:30","guid":{"rendered":"https:\/\/wasgehtab-comedy.at\/?page_id=3"},"modified":"2024-06-10T08:57:23","modified_gmt":"2024-06-10T08:57:23","slug":"impressum","status":"publish","type":"page","link":"https:\/\/wasgehtab-comedy.at\/index.php\/impressum\/","title":{"rendered":"Impressum und Datenschutz"},"content":{"rendered":"\n<h2 class=\"wp-block-heading\">Wer wir sind<\/h2>\n\n\n\n<p>Die Adresse unserer Website ist: https:\/\/wasgehtab-comedy.at <\/p>\n\n\n\n<p>Diese Website dient der Information \u00fcber die deutschsprachigen Comedy-Shows in Wien von &#8222;Was geht ab! Comedy&#8220;.<\/p>\n\n\n\n<p>Medieninhaber:<br>Felix Meier<br>Wien<\/p>\n\n\n\n<p><\/p>\n\n\n\n<h2 class=\"wp-block-heading\">Cookies<\/h2>\n\n\n\n<p>Wir verwenden keine eigenen Cookies und sammeln keinerlei personenbezogene Daten.<\/p>\n\n\n\n<h2 class=\"wp-block-heading\">Eingebettete Inhalte von anderen Websites<\/h2>\n\n\n\n<p>Beitr\u00e4ge auf dieser Website k\u00f6nnen eingebettete Inhalte beinhalten (z.&nbsp;B. Videos, Bilder, Beitr\u00e4ge etc.). Eingebettete Inhalte von anderen Websites verhalten sich exakt so, als ob der Besucher die andere Website besucht h\u00e4tte.<\/p>\n\n\n\n<p>Diese Websites k\u00f6nnen Daten \u00fcber dich sammeln, Cookies benutzen, zus\u00e4tzliche Tracking-Dienste von Dritten einbetten und deine Interaktion mit diesem eingebetteten Inhalt aufzeichnen, inklusive deiner Interaktion mit dem eingebetteten Inhalt, falls du ein Konto hast und auf dieser Website angemeldet bist.<\/p>\n","protected":false},"excerpt":{"rendered":"<p>Wer wir sind Die Adresse unserer Website ist: https:\/\/wasgehtab-comedy.at Diese Website dient der Information \u00fcber die deutschsprachigen Comedy-Shows in Wien von &#8222;Was geht ab! Comedy&#8220;. Medieninhaber:Felix MeierWien Cookies Wir verwenden keine eigenen Cookies und sammeln keinerlei personenbezogene Daten. Eingebettete Inhalte von anderen Websites Beitr\u00e4ge auf dieser Website k\u00f6nnen eingebettete Inhalte beinhalten (z.&nbsp;B. Videos, Bilder, Beitr\u00e4ge [&hellip;]<\/p>\n","protected":false},"author":1,"featured_media":0,"parent":0,"menu_order":0,"comment_status":"closed","ping_status":"open","template":"","meta":{"footnotes":""},"class_list":["post-3","page","type-page","status-publish","hentry"],"_links":{"self":[{"href":"https:\/\/wasgehtab-comedy.at\/index.php\/wp-json\/wp\/v2\/pages\/3","targetHints":{"allow":["GET"]}}],"collection":[{"href":"https:\/\/wasgehtab-comedy.at\/index.php\/wp-json\/wp\/v2\/pages"}],"about":[{"href":"https:\/\/wasgehtab-comedy.at\/index.php\/wp-json\/wp\/v2\/types\/page"}],"author":[{"embeddable":true,"href":"https:\/\/wasgehtab-comedy.at\/index.php\/wp-json\/wp\/v2\/users\/1"}],"replies":[{"embeddable":true,"href":"https:\/\/wasgehtab-comedy.at\/index.php\/wp-json\/wp\/v2\/comments?post=3"}],"version-history":[{"count":1,"href":"https:\/\/wasgehtab-comedy.at\/index.php\/wp-json\/wp\/v2\/pages\/3\/revisions"}],"predecessor-version":[{"id":9,"href":"https:\/\/wasgehtab-comedy.at\/index.php\/wp-json\/wp\/v2\/pages\/3\/revisions\/9"}],"wp:attachment":[{"href":"https:\/\/wasgehtab-comedy.at\/index.php\/wp-json\/wp\/v2\/media?parent=3"}],"curies":[{"name":"wp","href":"https:\/\/api.w.org\/{rel}","templated":true}]}}