{"id":11,"date":"2024-06-10T08:45:59","date_gmt":"2024-06-10T08:45:59","guid":{"rendered":"https:\/\/wasgehtab-comedy.at\/?page_id=11"},"modified":"2026-02-08T16:28:57","modified_gmt":"2026-02-08T16:28:57","slug":"was-geht-ab-comedy","status":"publish","type":"page","link":"https:\/\/wasgehtab-comedy.at\/","title":{"rendered":"Was geht ab &#8211; Comedy"},"content":{"rendered":"\n<h2 class=\"wp-block-heading has-text-align-center\">Deutschsprachige Comedy-Shows<br>in Wien!<\/h2>\n\n\n\n<p class=\"has-text-align-center has-large-font-size\">Jeden Dienstag in der coco bar<\/p>\n\n\n\n<p class=\"has-text-align-center\">Host: Felix Meier<\/p>\n\n\n\n<div class=\"wp-block-buttons is-content-justification-center is-layout-flex wp-container-core-buttons-is-layout-a89b3969 wp-block-buttons-is-layout-flex\">\n<div class=\"wp-block-button has-custom-width wp-block-button__width-50 is-style-outline is-style-outline--1\"><a class=\"wp-block-button__link has-contrast-color has-base-background-color has-text-color has-background has-link-color has-border-color has-contrast-border-color wp-element-button\" href=\"https:\/\/wasgehtab-comedy.at\/index.php\/tickets\/\" style=\"border-width:2px\">zu den tickets<\/a><\/div>\n<\/div>\n\n\n\n<div style=\"height:30px\" aria-hidden=\"true\" class=\"wp-block-spacer\"><\/div>\n\n\n\n<h2 class=\"wp-block-heading\">next up:<\/h2>\n\n\n<div class=\"wp-block-widget-for-eventbrite-api-display-eventbrite-events\">    <section class=\"widget\">\n    <section  class=\"wfea eaw-block  \">    <div class=\"eaw-ulx\">\n\t\t<div class=\"eaw-li__wrap\">\n    <div class=\"eaw-li__flex eaw-clearfix eaw-aligncenter  event__available\">\n\t\t\t<div class=\"eaw-thumb-wrap\"\n\t     style=\"max-width:350px\">\n                <span>\n                 <a class=\"eaw-img eaw-aligncenter\" href=\"https:\/\/www.eventbrite.at\/e\/was-geht-ab-comedy-allstars-special-tickets-1978889457638\" rel=\"bookmark\" ><img decoding=\"async\" class=\"eaw-aligncenter eaw-thumb eaw-default-thumb\" src=\"https:\/\/img.evbuc.com\/https%3A%2F%2Fcdn.evbuc.com%2Fimages%2F1173408337%2F2986243810891%2F1%2Foriginal.20251222-183347?crop=focalpoint&#038;fit=crop&#038;h=200&#038;w=450&#038;auto=format%2Ccompress&#038;q=75&#038;sharp=10&#038;fp-x=0.5&#038;fp-y=0.5&#038;s=67a6445436b6edf9ec1bd2c52f76fbe6\" alt=\"Was geht ab! Comedy Allstars Special\" width=\"350\"><\/a>                 <\/span>\n\t<\/div>\n\t        <div class=\"eaw-content-wrap\">\n\t\t\t<h3 class=\"eaw-title\">\n\t<a href=\"https:\/\/www.eventbrite.at\/e\/was-geht-ab-comedy-allstars-special-tickets-1978889457638\" title=\"Eventbrite link to Was geht ab! Comedy Allstars Special\" rel=\"bookmark\" >Was geht ab! Comedy Allstars Special<\/a><\/h3>\n\t\t\t<time class=\"eaw-time published\" datetime=\"\">28. April 2026, 19:00  <\/time>\t\t\t\t\t\t\t\t\t\t\t\t\t\t\t    <div class=\"eaw-summary\">\n\t    Deutschsprachige Comedy Mixshow in der bekannte Gesichter der Wiener Comedyszene jeweils ihr st\u00e4rkstes Material &hellip;    <\/div>\n\t\t\t\t    <div class=\"eaw-booknow\"> <a href=\"https:\/\/www.eventbrite.at\/e\/was-geht-ab-comedy-allstars-special-tickets-1978889457638\" class=\"wfea-button button\"   aria-label=\"Jetzt Ticket holen %4$s\">Jetzt Ticket holen<\/a><\/div>        <\/div>\n    <\/div>\n<\/div>\n\n    <\/div>    <\/section><!-- Generated by https:\/\/wordpress.org\/plugins\/widget-for-eventbrite-api\/ -->\n    <\/section><!-- End widget wrap -->\n    <\/div>\n\n\n<div style=\"height:21px\" aria-hidden=\"true\" class=\"wp-block-spacer\"><\/div>\n\n\n\n<figure class=\"wp-block-gallery aligncenter has-nested-images columns-4 wp-block-gallery-2 is-layout-flex wp-block-gallery-is-layout-flex\">\n<figure class=\"wp-block-image size-large\"><img loading=\"lazy\" decoding=\"async\" width=\"683\" height=\"1024\" data-id=\"128\" src=\"https:\/\/wasgehtab-comedy.at\/wp-content\/uploads\/2025\/06\/20250311-IMG_4130-683x1024.jpg\" alt=\"\" class=\"wp-image-128\" srcset=\"https:\/\/wasgehtab-comedy.at\/wp-content\/uploads\/2025\/06\/20250311-IMG_4130-683x1024.jpg 683w, https:\/\/wasgehtab-comedy.at\/wp-content\/uploads\/2025\/06\/20250311-IMG_4130-200x300.jpg 200w, https:\/\/wasgehtab-comedy.at\/wp-content\/uploads\/2025\/06\/20250311-IMG_4130-768x1152.jpg 768w, https:\/\/wasgehtab-comedy.at\/wp-content\/uploads\/2025\/06\/20250311-IMG_4130-1024x1536.jpg 1024w, https:\/\/wasgehtab-comedy.at\/wp-content\/uploads\/2025\/06\/20250311-IMG_4130-1365x2048.jpg 1365w, https:\/\/wasgehtab-comedy.at\/wp-content\/uploads\/2025\/06\/20250311-IMG_4130-scaled.jpg 1707w\" sizes=\"auto, (max-width: 683px) 100vw, 683px\" \/><\/figure>\n\n\n\n<figure class=\"wp-block-image size-large\"><img loading=\"lazy\" decoding=\"async\" width=\"683\" height=\"1024\" data-id=\"127\" src=\"https:\/\/wasgehtab-comedy.at\/wp-content\/uploads\/2025\/06\/IMG_0482-1-683x1024.jpg\" alt=\"\" class=\"wp-image-127\" srcset=\"https:\/\/wasgehtab-comedy.at\/wp-content\/uploads\/2025\/06\/IMG_0482-1-683x1024.jpg 683w, https:\/\/wasgehtab-comedy.at\/wp-content\/uploads\/2025\/06\/IMG_0482-1-200x300.jpg 200w, https:\/\/wasgehtab-comedy.at\/wp-content\/uploads\/2025\/06\/IMG_0482-1-768x1152.jpg 768w, https:\/\/wasgehtab-comedy.at\/wp-content\/uploads\/2025\/06\/IMG_0482-1-1024x1536.jpg 1024w, https:\/\/wasgehtab-comedy.at\/wp-content\/uploads\/2025\/06\/IMG_0482-1-1365x2048.jpg 1365w, https:\/\/wasgehtab-comedy.at\/wp-content\/uploads\/2025\/06\/IMG_0482-1-scaled.jpg 1707w\" sizes=\"auto, (max-width: 683px) 100vw, 683px\" \/><\/figure>\n\n\n\n<figure class=\"wp-block-image size-large\"><img loading=\"lazy\" decoding=\"async\" width=\"683\" height=\"1024\" data-id=\"129\" src=\"https:\/\/wasgehtab-comedy.at\/wp-content\/uploads\/2025\/06\/IMG_3810-683x1024.jpg\" alt=\"\" class=\"wp-image-129\" srcset=\"https:\/\/wasgehtab-comedy.at\/wp-content\/uploads\/2025\/06\/IMG_3810-683x1024.jpg 683w, https:\/\/wasgehtab-comedy.at\/wp-content\/uploads\/2025\/06\/IMG_3810-200x300.jpg 200w, https:\/\/wasgehtab-comedy.at\/wp-content\/uploads\/2025\/06\/IMG_3810-768x1152.jpg 768w, https:\/\/wasgehtab-comedy.at\/wp-content\/uploads\/2025\/06\/IMG_3810-1024x1536.jpg 1024w, https:\/\/wasgehtab-comedy.at\/wp-content\/uploads\/2025\/06\/IMG_3810-1365x2048.jpg 1365w, https:\/\/wasgehtab-comedy.at\/wp-content\/uploads\/2025\/06\/IMG_3810-scaled.jpg 1707w\" sizes=\"auto, (max-width: 683px) 100vw, 683px\" \/><\/figure>\n<\/figure>\n\n\n\n<div class=\"wp-block-group has-global-padding is-layout-constrained wp-block-group-is-layout-constrained\">\n<p><\/p>\n\n\n\n<p class=\"has-text-align-center\">Deutschsprachige Comedy in der legend\u00e4ren Coco&nbsp;Bar.&nbsp;Setzt euch hin, trinkt etwas und lasst euch von Stars und Newcommer:innen der Wiener Comedy Szene unterhalten.<\/p>\n\n\n\n<div style=\"height:30px\" aria-hidden=\"true\" class=\"wp-block-spacer\"><\/div>\n\n\n\n<h2 class=\"wp-block-heading\">open mic<\/h2>\n\n\n\n<p>bei comedy open mics k\u00f6nnen aufstrebende comedians ihre witze testen, neues ausprobieren und comedy luft schnuppern. Auf dieser B\u00fchne probieren K\u00fcnstler:innen Witze aus, die man sp\u00e4ter im Fernsehen oder in ihren Solo-Shows sieht.<\/p>\n\n\n\n<p>Die open mics sind spendenbasiert. bitte reserviere deinen platz \u00fcber ein gratis ticket.<\/p>\n\n\n\n<div style=\"height:30px\" aria-hidden=\"true\" class=\"wp-block-spacer\"><\/div>\n\n\n\n<h2 class=\"wp-block-heading has-text-align-left has-text-color has-link-color wp-elements-6e6dddc4df445bb367e6861622006aa3\" style=\"color:#f5d34a\">Allstar special<\/h2>\n\n\n\n<p class=\"has-text-align-left\">ein mal im monat gibt es ab j\u00e4nner unsere allstar specials! Hier treten jeweils 2 comedians auf und servieren ihr feinstes programm.<\/p>\n\n\n\n<p>die tickets gibt es in den preisstufen \u201estudi\u201c, \u201eRegular\u201c und \u201eSupporter\u201c.<\/p>\n\n\n\n<div style=\"height:32px\" aria-hidden=\"true\" class=\"wp-block-spacer\"><\/div>\n<\/div>\n\n\n\n<div class=\"wp-block-buttons is-content-justification-center is-layout-flex wp-container-core-buttons-is-layout-a89b3969 wp-block-buttons-is-layout-flex\">\n<div class=\"wp-block-button has-custom-width wp-block-button__width-50 is-style-outline is-style-outline--3\"><a class=\"wp-block-button__link has-contrast-color has-base-background-color has-text-color has-background has-link-color has-border-color has-contrast-border-color wp-element-button\" href=\"https:\/\/wasgehtab-comedy.at\/index.php\/tickets\/\" style=\"border-width:2px\">zu den tickets<\/a><\/div>\n<\/div>\n\n\n\n<div style=\"height:45px\" aria-hidden=\"true\" class=\"wp-block-spacer\"><\/div>\n\n\n<p><iframe src=\"https:\/\/www.google.com\/maps\/embed?pb=!1m18!1m12!1m3!1d2658.8143077703176!2d16.336412076698377!3d48.21019254610266!2m3!1f0!2f0!3f0!3m2!1i1024!2i768!4f13.1!3m3!1m2!1s0x476d07e8cda48c8d%3A0x43733706ee8ad855!2zwrBDT0NPwrA!5e0!3m2!1sen!2sat!4v1724761619847!5m2!1sen!2sat\" width=\"600\" height=\"450\" style=\"border:0;\" allowfullscreen=\"\" loading=\"lazy\" referrerpolicy=\"no-referrer-when-downgrade\"><\/iframe><\/p>\n\n\n<div class=\"wp-block-buttons is-content-justification-center is-layout-flex wp-container-core-buttons-is-layout-a89b3969 wp-block-buttons-is-layout-flex\">\n<div class=\"wp-block-button has-custom-width wp-block-button__width-50 is-style-outline is-style-outline--4\"><a class=\"wp-block-button__link has-contrast-color has-base-background-color has-text-color has-background has-link-color wp-element-button\" href=\"https:\/\/www.instagram.com\/wasgehtab_comedy\" target=\"_blank\" rel=\"https:\/\/wasgehtab-comedy.at\/index.php\/tickets\/ noreferrer noopener\">auf instagram folgen<\/a><\/div>\n<\/div>\n","protected":false},"excerpt":{"rendered":"<p>Deutschsprachige Comedy-Showsin Wien! Jeden Dienstag in der coco bar Host: Felix Meier next up: Deutschsprachige Comedy in der legend\u00e4ren Coco&nbsp;Bar.&nbsp;Setzt euch hin, trinkt etwas und lasst euch von Stars und Newcommer:innen der Wiener Comedy Szene unterhalten. open mic bei comedy open mics k\u00f6nnen aufstrebende comedians ihre witze testen, neues ausprobieren und comedy luft schnuppern. Auf [&hellip;]<\/p>\n","protected":false},"author":1,"featured_media":0,"parent":0,"menu_order":0,"comment_status":"closed","ping_status":"closed","template":"","meta":{"footnotes":""},"class_list":["post-11","page","type-page","status-publish","hentry"],"_links":{"self":[{"href":"https:\/\/wasgehtab-comedy.at\/index.php\/wp-json\/wp\/v2\/pages\/11","targetHints":{"allow":["GET"]}}],"collection":[{"href":"https:\/\/wasgehtab-comedy.at\/index.php\/wp-json\/wp\/v2\/pages"}],"about":[{"href":"https:\/\/wasgehtab-comedy.at\/index.php\/wp-json\/wp\/v2\/types\/page"}],"author":[{"embeddable":true,"href":"https:\/\/wasgehtab-comedy.at\/index.php\/wp-json\/wp\/v2\/users\/1"}],"replies":[{"embeddable":true,"href":"https:\/\/wasgehtab-comedy.at\/index.php\/wp-json\/wp\/v2\/comments?post=11"}],"version-history":[{"count":25,"href":"https:\/\/wasgehtab-comedy.at\/index.php\/wp-json\/wp\/v2\/pages\/11\/revisions"}],"predecessor-version":[{"id":187,"href":"https:\/\/wasgehtab-comedy.at\/index.php\/wp-json\/wp\/v2\/pages\/11\/revisions\/187"}],"wp:attachment":[{"href":"https:\/\/wasgehtab-comedy.at\/index.php\/wp-json\/wp\/v2\/media?parent=11"}],"curies":[{"name":"wp","href":"https:\/\/api.w.org\/{rel}","templated":true}]}}